{"id":2,"date":"2020-11-13T19:26:05","date_gmt":"2020-11-13T19:26:05","guid":{"rendered":"https:\/\/specnext.dev\/es\/?page_id=2"},"modified":"2020-11-14T11:25:12","modified_gmt":"2020-11-14T11:25:12","slug":"sample-page","status":"publish","type":"page","link":"https:\/\/specnext.dev\/es\/","title":{"rendered":"CUARTEL GENERAL DE DESARROLLO DE SPECNEXT"},"content":{"rendered":"<div class=\"hero\" style=\"background-color: black;color: white\">\n<div class=\"row\">\n<h2 class=\"col-md-12\" style=\"text-align: center\">Recursos Principales<\/h2>\n<\/div>\n<div class=\"row\">\n<h3 class=\"col-md-4\" style=\"text-align: center\"><a href=\"\/es\/blog\"><img loading=\"lazy\" decoding=\"async\" class=\"size-full wp-image-405 aligncenter\" src=\"https:\/\/specnext.dev\/wp-content\/uploads\/2019\/04\/B.png\" alt=\"B&quot;&quot;\" width=\"128\" height=\"128\" \/><br \/>\nBlog<\/a><\/h3>\n<h3 class=\"col-md-4\" style=\"text-align: center\"><a href=\"\/es\/tutoriales\"><img loading=\"lazy\" decoding=\"async\" class=\"size-full wp-image-405 aligncenter\" src=\"https:\/\/specnext.dev\/wp-content\/uploads\/2019\/04\/T.png\" alt=\"T\" width=\"128\" height=\"128\" \/><br \/>\nTutoriales<\/a><\/h3>\n<h3 class=\"col-md-4\" style=\"text-align: center\"><a href=\"\/wiki\"><img loading=\"lazy\" decoding=\"async\" class=\"size-full wp-image-405 aligncenter\" src=\"https:\/\/specnext.dev\/wp-content\/uploads\/2019\/04\/W.png\" alt=\"W\" width=\"128\" height=\"128\" \/><br \/>\nWiki<\/a><\/h3>\n<\/div>\n<div class=\"row\">\n<h2 class=\"col-md-12\" style=\"text-align: center\">Recursos Adicionales<\/h2>\n<div class=\"col-md-1\" style=\"text-align: center\"><\/div>\n<div class=\"col-md-10\" style=\"text-align: center\">Seguimos trabajando muy duro para crear m\u00e1s contenido interesante y recursos \u00fatiles para todos los desarrolladores, as\u00ed que vuelve pronto. Si crees que puedes ayudar, <a href=\"https:\/\/specnext.dev\/developer-sign-up\/\">\u00a1Nos encantar\u00eda escuchar tus ideas!<\/a><\/div>\n<div class=\"col-md-1\" style=\"text-align: center\"><\/div>\n<\/div>\n<hr \/>\n<\/div>\n","protected":false},"excerpt":{"rendered":"<p>Recursos Principales Blog Tutoriales Wiki Recursos Adicionales Seguimos trabajando muy duro para crear m\u00e1s contenido interesante y recursos \u00fatiles para todos los desarrolladores, as\u00ed que vuelve pronto. Si crees que puedes ayudar, \u00a1Nos encantar\u00eda escuchar tus ideas!<\/p>\n","protected":false},"author":13,"featured_media":0,"parent":0,"menu_order":0,"comment_status":"closed","ping_status":"open","template":"","meta":{"footnotes":""},"class_list":["post-2","page","type-page","status-publish","hentry"],"jetpack_sharing_enabled":true,"_links":{"self":[{"href":"https:\/\/specnext.dev\/es\/wp-json\/wp\/v2\/pages\/2","targetHints":{"allow":["GET"]}}],"collection":[{"href":"https:\/\/specnext.dev\/es\/wp-json\/wp\/v2\/pages"}],"about":[{"href":"https:\/\/specnext.dev\/es\/wp-json\/wp\/v2\/types\/page"}],"author":[{"embeddable":true,"href":"https:\/\/specnext.dev\/es\/wp-json\/wp\/v2\/users\/13"}],"replies":[{"embeddable":true,"href":"https:\/\/specnext.dev\/es\/wp-json\/wp\/v2\/comments?post=2"}],"version-history":[{"count":11,"href":"https:\/\/specnext.dev\/es\/wp-json\/wp\/v2\/pages\/2\/revisions"}],"predecessor-version":[{"id":27,"href":"https:\/\/specnext.dev\/es\/wp-json\/wp\/v2\/pages\/2\/revisions\/27"}],"wp:attachment":[{"href":"https:\/\/specnext.dev\/es\/wp-json\/wp\/v2\/media?parent=2"}],"curies":[{"name":"wp","href":"https:\/\/api.w.org\/{rel}","templated":true}]}}